{"id":5,"date":"2026-01-14T10:44:35","date_gmt":"2026-01-14T10:44:35","guid":{"rendered":"https:\/\/paulaortin.fpcei.eu\/?page_id=5"},"modified":"2026-02-18T10:24:49","modified_gmt":"2026-02-18T10:24:49","slug":"inicio","status":"publish","type":"page","link":"https:\/\/paulaortin.fpcei.eu\/","title":{"rendered":"Inicio"},"content":{"rendered":"\n<h2 class=\"wp-block-heading has-text-color has-link-color wp-elements-5f6eba905b83fcff53db5051537d0ab3\" style=\"color:#805340\">Bookology<\/h2>\n\n\n\n<p class=\"is-style-default has-text-color has-link-color wp-elements-e57f15a1dd7329a040284472d65f66b0\" style=\"border-style:none;border-width:0px;border-top-left-radius:0px;border-top-right-radius:0px;border-bottom-left-radius:0px;border-bottom-right-radius:0px;color:#805340;margin-top:0;margin-right:0;margin-bottom:0;margin-left:0;padding-top:0;padding-right:0;padding-bottom:0;padding-left:0\">Sum\u00e9rgete en un universo de historias, conocimiento y aventuras. En este sitio web podr\u00e1s aprender qu\u00e9 g\u00e9nero literario es el adecuado para ti y conocer diferentes autores o libros perfectos para aislarte del resto del mundo y adentrarte en la historia.<\/p>\n\n\n\n<figure class=\"wp-block-image size-large\"><img loading=\"lazy\" decoding=\"async\" width=\"1024\" height=\"82\" src=\"https:\/\/paulaortin.fpcei.eu\/wp-content\/uploads\/2026\/01\/descarga-12.jfif_-2-1024x82.png\" alt=\"\" class=\"wp-image-19\" srcset=\"https:\/\/paulaortin.fpcei.eu\/wp-content\/uploads\/2026\/01\/descarga-12.jfif_-2-1024x82.png 1024w, https:\/\/paulaortin.fpcei.eu\/wp-content\/uploads\/2026\/01\/descarga-12.jfif_-2-300x24.png 300w, https:\/\/paulaortin.fpcei.eu\/wp-content\/uploads\/2026\/01\/descarga-12.jfif_-2-768x62.png 768w, https:\/\/paulaortin.fpcei.eu\/wp-content\/uploads\/2026\/01\/descarga-12.jfif_-2.png 1080w\" sizes=\"auto, (max-width: 1024px) 100vw, 1024px\" \/><\/figure>\n\n\n\n<div class=\"wp-block-columns is-layout-flex wp-container-core-columns-is-layout-28f84493 wp-block-columns-is-layout-flex\">\n<div class=\"wp-block-column is-layout-flow wp-block-column-is-layout-flow\">\n<h2 class=\"wp-block-heading has-text-color has-link-color wp-elements-ccc09d02fd8519cc3a3f153f23c8126c\" style=\"color:#805340\">G\u00e9neros<\/h2>\n<\/div>\n\n\n\n<div class=\"wp-block-column is-layout-flow wp-block-column-is-layout-flow\">\n<h2 class=\"wp-block-heading has-text-color has-link-color wp-elements-1947816d549508f59d9575afd31cc6e9\" style=\"color:#805340\">Autores Destacados<\/h2>\n<\/div>\n<\/div>\n\n\n\n<div class=\"wp-block-columns is-layout-flex wp-container-core-columns-is-layout-28f84493 wp-block-columns-is-layout-flex\">\n<div class=\"wp-block-column is-layout-flow wp-block-column-is-layout-flow\">\n<p class=\"has-text-color has-link-color wp-elements-e0c331b8196a2c5f7e5a3b9322c1fa66\" style=\"color:#805340\">Desde la fantas\u00eda \u00e9pica hasta el misterio m\u00e1s intrigante, pasando por la ciencia ficci\u00f3n, el romance y la historia, exploramos todos los g\u00e9neros literarios. Descubre cu\u00e1l se adapta a tu estilo y deja que cada lectura te transporte a nuevos mundos.<\/p>\n<\/div>\n\n\n\n<div class=\"wp-block-column is-layout-flow wp-block-column-is-layout-flow\">\n<p class=\"has-text-color has-link-color wp-elements-8eb2b64a8989f8fda92b13ff75ffdafa\" style=\"color:#805340\">Conoce a los escritores que han dejado una huella imborrable en la literatura. Presentamos tanto a los cl\u00e1sicos imprescindibles como a los talentos contempor\u00e1neos que est\u00e1n revolucionando la manera de contar historias.<\/p>\n<\/div>\n<\/div>\n\n\n\n<figure class=\"wp-block-image size-full is-resized\"><img loading=\"lazy\" decoding=\"async\" width=\"736\" height=\"148\" src=\"https:\/\/paulaortin.fpcei.eu\/wp-content\/uploads\/2026\/02\/\u2605-4.png\" alt=\"\" class=\"wp-image-138\" style=\"width:972px;height:auto\" srcset=\"https:\/\/paulaortin.fpcei.eu\/wp-content\/uploads\/2026\/02\/\u2605-4.png 736w, https:\/\/paulaortin.fpcei.eu\/wp-content\/uploads\/2026\/02\/\u2605-4-300x60.png 300w\" sizes=\"auto, (max-width: 736px) 100vw, 736px\" \/><\/figure>\n\n\n\n<h2 class=\"wp-block-heading has-text-color has-link-color wp-elements-12c0655f325970f25131da8903291950\" style=\"color:#805340\">Libros por G\u00e9nero y Autor<\/h2>\n\n\n\n<p class=\"has-text-color has-link-color wp-elements-aa5fac639f6bf3bb4359a7bc76b2c341\" style=\"color:#805340\">Encuentra el libro perfecto seg\u00fan tu inter\u00e9s. Esta secci\u00f3n te permite explorar recomendaciones organizadas por g\u00e9nero y autor, para que descubrir tu pr\u00f3xima lectura sea f\u00e1cil, r\u00e1pido y emocionante.<\/p>\n\n\n\n<h2 class=\"wp-block-heading has-text-color has-link-color wp-elements-6e94ea6113ab26bca735507f7c2b5a25\" style=\"color:#805340\">Gu\u00edas para Empezar a Leer<\/h2>\n\n\n\n<p class=\"has-text-color has-link-color wp-elements-6437ffb82dad9c123a777f17e6b1e8e0\" style=\"color:#805340\">Si est\u00e1s dando tus primeros pasos en el mundo de la lectura o quieres mejorar tus h\u00e1bitos lectores, aqu\u00ed encontrar\u00e1s consejos pr\u00e1cticos, listas de inicio y estrategias para crear tu propio ritmo de lectura. \u00a1Nunca es tarde para empezar a disfrutar de los libros!<\/p>\n\n\n<div class=\"n2-section-smartslider fitvidsignore  n2_clear\" data-ssid=\"2\"><div id=\"n2-ss-2-align\" class=\"n2-ss-align\"><div class=\"n2-padding\"><div id=\"n2-ss-2\" data-creator=\"Smart Slider 3\" data-responsive=\"auto\" class=\"n2-ss-slider n2-ow n2-has-hover n2notransition  \"><div class=\"n2-ss-slider-wrapper-inside\">\n        <div class=\"n2-ss-slider-1 n2_ss__touch_element n2-ow\">\n            <div class=\"n2-ss-slider-2 n2-ow\">\n                                                <div class=\"n2-ss-slider-3 n2-ow\">\n\n                    <div class=\"n2-ss-slide-backgrounds n2-ow-all\"><div class=\"n2-ss-slide-background\" data-public-id=\"1\" data-mode=\"fill\"><div class=\"n2-ss-slide-background-image\" data-blur=\"0\" data-opacity=\"100\" data-x=\"50\" data-y=\"50\" data-alt=\"\" data-title=\"\"><picture class=\"skip-lazy\" data-skip-lazy=\"1\"><img decoding=\"async\" src=\"\/\/paulaortin.fpcei.eu\/wp-content\/uploads\/slider2\/descarga49.png\" alt=\"\" title=\"\" loading=\"lazy\" class=\"skip-lazy\" data-skip-lazy=\"1\"><\/picture><\/div><div data-color=\"RGBA(255,255,255,0)\" style=\"background-color: RGBA(255,255,255,0);\" class=\"n2-ss-slide-background-color\"><\/div><\/div><div class=\"n2-ss-slide-background\" data-public-id=\"2\" data-mode=\"fill\" aria-hidden=\"true\"><div class=\"n2-ss-slide-background-image\" data-blur=\"0\" data-opacity=\"100\" data-x=\"50\" data-y=\"50\" data-alt=\"\" data-title=\"\"><picture class=\"skip-lazy\" data-skip-lazy=\"1\"><img decoding=\"async\" src=\"\/\/paulaortin.fpcei.eu\/wp-content\/uploads\/slider2\/descarga47.png\" alt=\"\" title=\"\" loading=\"lazy\" class=\"skip-lazy\" data-skip-lazy=\"1\"><\/picture><\/div><div data-color=\"RGBA(255,255,255,0)\" style=\"background-color: RGBA(255,255,255,0);\" class=\"n2-ss-slide-background-color\"><\/div><\/div><div class=\"n2-ss-slide-background\" data-public-id=\"3\" data-mode=\"fill\" aria-hidden=\"true\"><div class=\"n2-ss-slide-background-image\" data-blur=\"0\" data-opacity=\"100\" data-x=\"51\" data-y=\"44\" data-alt=\"\" data-title=\"\" style=\"--ss-o-pos-x:51%;--ss-o-pos-y:44%\"><picture class=\"skip-lazy\" data-skip-lazy=\"1\"><img decoding=\"async\" src=\"\/\/paulaortin.fpcei.eu\/wp-content\/uploads\/slider2\/ikea.png\" alt=\"\" title=\"\" loading=\"lazy\" class=\"skip-lazy\" data-skip-lazy=\"1\"><\/picture><\/div><div data-color=\"RGBA(255,255,255,0)\" style=\"background-color: RGBA(255,255,255,0);\" class=\"n2-ss-slide-background-color\"><\/div><\/div><div class=\"n2-ss-slide-background\" data-public-id=\"4\" data-mode=\"fill\" aria-hidden=\"true\"><div class=\"n2-ss-slide-background-image\" data-blur=\"0\" data-opacity=\"100\" data-x=\"50\" data-y=\"50\" data-alt=\"\" data-title=\"\"><picture class=\"skip-lazy\" data-skip-lazy=\"1\"><img decoding=\"async\" src=\"\/\/paulaortin.fpcei.eu\/wp-content\/uploads\/slider2\/R.png\" alt=\"\" title=\"\" loading=\"lazy\" class=\"skip-lazy\" data-skip-lazy=\"1\"><\/picture><\/div><div data-color=\"RGBA(255,255,255,0)\" style=\"background-color: RGBA(255,255,255,0);\" class=\"n2-ss-slide-background-color\"><\/div><\/div><div class=\"n2-ss-slide-background\" data-public-id=\"5\" data-mode=\"fill\" aria-hidden=\"true\"><div class=\"n2-ss-slide-background-image\" data-blur=\"0\" data-opacity=\"100\" data-x=\"49\" data-y=\"23\" data-alt=\"\" data-title=\"\" style=\"--ss-o-pos-x:49%;--ss-o-pos-y:23%\"><picture class=\"skip-lazy\" data-skip-lazy=\"1\"><img decoding=\"async\" src=\"\/\/paulaortin.fpcei.eu\/wp-content\/uploads\/slider2\/ChatGPTImage26feb202611_56_161.png\" alt=\"\" title=\"\" loading=\"lazy\" class=\"skip-lazy\" data-skip-lazy=\"1\"><\/picture><\/div><div data-color=\"RGBA(255,255,255,0)\" style=\"background-color: RGBA(255,255,255,0);\" class=\"n2-ss-slide-background-color\"><\/div><\/div><div class=\"n2-ss-slide-background\" data-public-id=\"6\" data-mode=\"fill\" aria-hidden=\"true\"><div class=\"n2-ss-slide-background-image\" data-blur=\"0\" data-opacity=\"100\" data-x=\"51\" data-y=\"84\" data-alt=\"\" data-title=\"\" style=\"--ss-o-pos-x:51%;--ss-o-pos-y:84%\"><picture class=\"skip-lazy\" data-skip-lazy=\"1\"><img decoding=\"async\" src=\"\/\/paulaortin.fpcei.eu\/wp-content\/uploads\/slider2\/ChatGPTImage26feb202611_52_321.png\" alt=\"\" title=\"\" loading=\"lazy\" class=\"skip-lazy\" data-skip-lazy=\"1\"><\/picture><\/div><div data-color=\"RGBA(255,255,255,0)\" style=\"background-color: RGBA(255,255,255,0);\" class=\"n2-ss-slide-background-color\"><\/div><\/div><\/div>                    <div class=\"n2-ss-slider-4 n2-ow\">\n                        <svg xmlns=\"http:\/\/www.w3.org\/2000\/svg\" viewBox=\"0 0 750 200\" data-related-device=\"desktopPortrait\" class=\"n2-ow n2-ss-preserve-size n2-ss-preserve-size--slider n2-ss-slide-limiter\"><\/svg><div data-first=\"1\" data-slide-duration=\"0\" data-id=\"13\" data-slide-public-id=\"1\" data-title=\"descarga49\" class=\"n2-ss-slide n2-ow  n2-ss-slide-13\"><div role=\"note\" class=\"n2-ss-slide--focus\" tabindex=\"-1\">descarga49<\/div><div class=\"n2-ss-layers-container n2-ss-slide-limiter n2-ow\"><div class=\"n2-ss-layer n2-ow n-uc-bDV9X7ygGsax\" data-sstype=\"slide\" data-pm=\"default\"><\/div><\/div><\/div><div data-slide-duration=\"0\" data-id=\"12\" data-slide-public-id=\"2\" aria-hidden=\"true\" data-title=\"descarga47\" class=\"n2-ss-slide n2-ow  n2-ss-slide-12\"><div role=\"note\" class=\"n2-ss-slide--focus\" tabindex=\"-1\">descarga47<\/div><div class=\"n2-ss-layers-container n2-ss-slide-limiter n2-ow\"><div class=\"n2-ss-layer n2-ow n-uc-aBNSHZ4eROXe\" data-sstype=\"slide\" data-pm=\"default\"><\/div><\/div><\/div><div data-slide-duration=\"0\" data-id=\"18\" data-slide-public-id=\"3\" aria-hidden=\"true\" data-title=\"ikea\" class=\"n2-ss-slide n2-ow  n2-ss-slide-18\"><div role=\"note\" class=\"n2-ss-slide--focus\" tabindex=\"-1\">ikea<\/div><div class=\"n2-ss-layers-container n2-ss-slide-limiter n2-ow\"><div class=\"n2-ss-layer n2-ow n-uc-okp29laIWn9i\" data-sstype=\"slide\" data-pm=\"default\"><\/div><\/div><\/div><div data-slide-duration=\"0\" data-id=\"17\" data-slide-public-id=\"4\" aria-hidden=\"true\" data-title=\"R\" class=\"n2-ss-slide n2-ow  n2-ss-slide-17\"><div role=\"note\" class=\"n2-ss-slide--focus\" tabindex=\"-1\">R<\/div><div class=\"n2-ss-layers-container n2-ss-slide-limiter n2-ow\"><div class=\"n2-ss-layer n2-ow n-uc-eviZS3uP1FS3\" data-sstype=\"slide\" data-pm=\"default\"><\/div><\/div><\/div><div data-slide-duration=\"0\" data-id=\"30\" data-slide-public-id=\"5\" aria-hidden=\"true\" data-title=\"ChatGPTImage26feb202611_56_161\" class=\"n2-ss-slide n2-ow  n2-ss-slide-30\"><div role=\"note\" class=\"n2-ss-slide--focus\" tabindex=\"-1\">ChatGPTImage26feb202611_56_161<\/div><div class=\"n2-ss-layers-container n2-ss-slide-limiter n2-ow\"><div class=\"n2-ss-layer n2-ow n-uc-H8ijSBPYLDmQ\" data-sstype=\"slide\" data-pm=\"default\"><\/div><\/div><\/div><div data-slide-duration=\"0\" data-id=\"29\" data-slide-public-id=\"6\" aria-hidden=\"true\" data-title=\"ChatGPTImage26feb202611_52_321\" class=\"n2-ss-slide n2-ow  n2-ss-slide-29\"><div role=\"note\" class=\"n2-ss-slide--focus\" tabindex=\"-1\">ChatGPTImage26feb202611_52_321<\/div><div class=\"n2-ss-layers-container n2-ss-slide-limiter n2-ow\"><div class=\"n2-ss-layer n2-ow n-uc-n1eEneeIaxL0\" data-sstype=\"slide\" data-pm=\"default\"><\/div><\/div><\/div>                    <\/div>\n\n                                    <\/div>\n            <\/div>\n        <\/div>\n        <div class=\"n2-ss-slider-controls n2-ss-slider-controls-absolute-left-center\"><div style=\"--widget-offset:15px;\" class=\"n2-ss-widget nextend-arrow n2-ow-all nextend-arrow-previous  nextend-arrow-animated-fade\" data-hide-mobileportrait=\"1\" id=\"n2-ss-2-arrow-previous\" role=\"button\" aria-label=\"previous arrow\" tabindex=\"0\"><img loading=\"lazy\" decoding=\"async\" width=\"32\" height=\"32\" class=\"skip-lazy\" data-skip-lazy=\"1\" src=\"data:image\/svg+xml;base64,PHN2ZyB3aWR0aD0iMzIiIGhlaWdodD0iMzIiIHZpZXdCb3g9IjAgMCAzMiAzMiIgeG1sbnM9Imh0dHA6Ly93d3cudzMub3JnLzIwMDAvc3ZnIj4KICAgIDxwYXRoIGQ9Ik0xMS40MzMgMTUuOTkyTDIyLjY5IDUuNzEyYy4zOTMtLjM5LjM5My0xLjAzIDAtMS40Mi0uMzkzLS4zOS0xLjAzLS4zOS0xLjQyMyAwbC0xMS45OCAxMC45NGMtLjIxLjIxLS4zLjQ5LS4yODUuNzYtLjAxNS4yOC4wNzUuNTYuMjg0Ljc3bDExLjk4IDEwLjk0Yy4zOTMuMzkgMS4wMy4zOSAxLjQyNCAwIC4zOTMtLjQuMzkzLTEuMDMgMC0xLjQybC0xMS4yNTctMTAuMjkiCiAgICAgICAgICBmaWxsPSIjODA1MzQwIiBvcGFjaXR5PSIxIiBmaWxsLXJ1bGU9ImV2ZW5vZGQiLz4KPC9zdmc+\" alt=\"previous arrow\"><\/div><\/div><div class=\"n2-ss-slider-controls n2-ss-slider-controls-absolute-right-center\"><div style=\"--widget-offset:15px;\" class=\"n2-ss-widget nextend-arrow n2-ow-all nextend-arrow-next  nextend-arrow-animated-fade\" data-hide-mobileportrait=\"1\" id=\"n2-ss-2-arrow-next\" role=\"button\" aria-label=\"next arrow\" tabindex=\"0\"><img loading=\"lazy\" decoding=\"async\" width=\"32\" height=\"32\" class=\"skip-lazy\" data-skip-lazy=\"1\" src=\"data:image\/svg+xml;base64,PHN2ZyB3aWR0aD0iMzIiIGhlaWdodD0iMzIiIHZpZXdCb3g9IjAgMCAzMiAzMiIgeG1sbnM9Imh0dHA6Ly93d3cudzMub3JnLzIwMDAvc3ZnIj4KICAgIDxwYXRoIGQ9Ik0xMC43MjIgNC4yOTNjLS4zOTQtLjM5LTEuMDMyLS4zOS0xLjQyNyAwLS4zOTMuMzktLjM5MyAxLjAzIDAgMS40MmwxMS4yODMgMTAuMjgtMTEuMjgzIDEwLjI5Yy0uMzkzLjM5LS4zOTMgMS4wMiAwIDEuNDIuMzk1LjM5IDEuMDMzLjM5IDEuNDI3IDBsMTIuMDA3LTEwLjk0Yy4yMS0uMjEuMy0uNDkuMjg0LS43Ny4wMTQtLjI3LS4wNzYtLjU1LS4yODYtLjc2TDEwLjcyIDQuMjkzeiIKICAgICAgICAgIGZpbGw9IiM4MDUzNDAiIG9wYWNpdHk9IjEiIGZpbGwtcnVsZT0iZXZlbm9kZCIvPgo8L3N2Zz4=\" alt=\"next arrow\"><\/div><\/div><\/div><\/div><ss3-loader><\/ss3-loader><\/div><\/div><div class=\"n2_clear\"><\/div><\/div>","protected":false},"excerpt":{"rendered":"<p>Bookology Sum\u00e9rgete en un universo de historias, conocimiento y aventuras. En este sitio web podr\u00e1s aprender qu\u00e9 g\u00e9nero literario es el adecuado para ti y conocer diferentes autores o libros perfectos para aislarte del resto del mundo y adentrarte en la historia. G\u00e9neros Autores Destacados Desde la fantas\u00eda \u00e9pica hasta el misterio m\u00e1s intrigante, pasando [&hellip;]<\/p>\n","protected":false},"author":2,"featured_media":0,"parent":0,"menu_order":0,"comment_status":"closed","ping_status":"closed","template":"","meta":{"footnotes":""},"class_list":["post-5","page","type-page","status-publish","hentry"],"_links":{"self":[{"href":"https:\/\/paulaortin.fpcei.eu\/index.php?rest_route=\/wp\/v2\/pages\/5","targetHints":{"allow":["GET"]}}],"collection":[{"href":"https:\/\/paulaortin.fpcei.eu\/index.php?rest_route=\/wp\/v2\/pages"}],"about":[{"href":"https:\/\/paulaortin.fpcei.eu\/index.php?rest_route=\/wp\/v2\/types\/page"}],"author":[{"embeddable":true,"href":"https:\/\/paulaortin.fpcei.eu\/index.php?rest_route=\/wp\/v2\/users\/2"}],"replies":[{"embeddable":true,"href":"https:\/\/paulaortin.fpcei.eu\/index.php?rest_route=%2Fwp%2Fv2%2Fcomments&post=5"}],"version-history":[{"count":16,"href":"https:\/\/paulaortin.fpcei.eu\/index.php?rest_route=\/wp\/v2\/pages\/5\/revisions"}],"predecessor-version":[{"id":153,"href":"https:\/\/paulaortin.fpcei.eu\/index.php?rest_route=\/wp\/v2\/pages\/5\/revisions\/153"}],"wp:attachment":[{"href":"https:\/\/paulaortin.fpcei.eu\/index.php?rest_route=%2Fwp%2Fv2%2Fmedia&parent=5"}],"curies":[{"name":"wp","href":"https:\/\/api.w.org\/{rel}","templated":true}]}}