{"id":38,"date":"2026-02-04T09:45:55","date_gmt":"2026-02-04T09:45:55","guid":{"rendered":"https:\/\/paulaortin.fpcei.eu\/?page_id=38"},"modified":"2026-02-23T09:54:22","modified_gmt":"2026-02-23T09:54:22","slug":"autores-destacados","status":"publish","type":"page","link":"https:\/\/paulaortin.fpcei.eu\/?page_id=38","title":{"rendered":"Autores"},"content":{"rendered":"\n<figure class=\"wp-block-image size-large\"><img loading=\"lazy\" decoding=\"async\" width=\"1024\" height=\"82\" src=\"https:\/\/paulaortin.fpcei.eu\/wp-content\/uploads\/2026\/01\/descarga-12.jfif_-2-1024x82.png\" alt=\"\" class=\"wp-image-19\" srcset=\"https:\/\/paulaortin.fpcei.eu\/wp-content\/uploads\/2026\/01\/descarga-12.jfif_-2-1024x82.png 1024w, https:\/\/paulaortin.fpcei.eu\/wp-content\/uploads\/2026\/01\/descarga-12.jfif_-2-300x24.png 300w, https:\/\/paulaortin.fpcei.eu\/wp-content\/uploads\/2026\/01\/descarga-12.jfif_-2-768x62.png 768w, https:\/\/paulaortin.fpcei.eu\/wp-content\/uploads\/2026\/01\/descarga-12.jfif_-2.png 1080w\" sizes=\"auto, (max-width: 1024px) 100vw, 1024px\" \/><\/figure>\n\n\n\n<div class=\"wp-block-columns are-vertically-aligned-center is-layout-flex wp-container-core-columns-is-layout-28f84493 wp-block-columns-is-layout-flex\">\n<div class=\"wp-block-column is-vertically-aligned-center is-layout-flow wp-block-column-is-layout-flow\">\n<h2 class=\"wp-block-heading\">&#8211; Novela Negra<\/h2>\n\n\n\n<ul class=\"wp-block-list\">\n<li>Arturo P\u00e9rez-Reverte \u2013 intriga y aventura con tintes de novela negra.<\/li>\n\n\n\n<li>Dolores Redondo \u2013 thriller y suspense ambientado en el norte de Espa\u00f1a.<\/li>\n\n\n\n<li>Michael Connelly \u2013 suspense policial<\/li>\n\n\n\n<li>Harlan Coben \u2013 thrillers contempor\u00e1neos con giros constantes.<\/li>\n\n\n\n<li>Freida McFadden \u2013 thriller psicol\u00f3gico y fen\u00f3meno editorial.<\/li>\n<\/ul>\n<\/div>\n\n\n\n<div class=\"wp-block-column is-vertically-aligned-center is-layout-flow wp-block-column-is-layout-flow\">\n<figure class=\"wp-block-image aligncenter size-full is-resized\"><img loading=\"lazy\" decoding=\"async\" width=\"423\" height=\"527\" src=\"https:\/\/paulaortin.fpcei.eu\/wp-content\/uploads\/2026\/02\/Captura-de-pantalla-6.png\" alt=\"\" class=\"wp-image-183\" style=\"aspect-ratio:0.8026714296808263;width:340px;height:auto\" srcset=\"https:\/\/paulaortin.fpcei.eu\/wp-content\/uploads\/2026\/02\/Captura-de-pantalla-6.png 423w, https:\/\/paulaortin.fpcei.eu\/wp-content\/uploads\/2026\/02\/Captura-de-pantalla-6-241x300.png 241w\" sizes=\"auto, (max-width: 423px) 100vw, 423px\" \/><\/figure>\n<\/div>\n<\/div>\n\n\n\n<div style=\"height:50px\" aria-hidden=\"true\" class=\"wp-block-spacer\"><\/div>\n\n\n\n<div class=\"wp-block-columns is-layout-flex wp-container-core-columns-is-layout-28f84493 wp-block-columns-is-layout-flex\">\n<div class=\"wp-block-column is-layout-flow wp-block-column-is-layout-flow\">\n<figure class=\"wp-block-image aligncenter size-full is-resized\"><img loading=\"lazy\" decoding=\"async\" width=\"294\" height=\"367\" src=\"https:\/\/paulaortin.fpcei.eu\/wp-content\/uploads\/2026\/02\/Captura-de-pantalla-7.png\" alt=\"\" class=\"wp-image-186\" style=\"aspect-ratio:0.8011161060300729;width:339px;height:auto\" srcset=\"https:\/\/paulaortin.fpcei.eu\/wp-content\/uploads\/2026\/02\/Captura-de-pantalla-7.png 294w, https:\/\/paulaortin.fpcei.eu\/wp-content\/uploads\/2026\/02\/Captura-de-pantalla-7-240x300.png 240w\" sizes=\"auto, (max-width: 294px) 100vw, 294px\" \/><\/figure>\n<\/div>\n\n\n\n<div class=\"wp-block-column is-vertically-aligned-center is-layout-flow wp-block-column-is-layout-flow\">\n<h2 class=\"wp-block-heading\">&#8211; Novela Hist\u00f3rica<\/h2>\n\n\n\n<ul class=\"wp-block-list\">\n<li>Matilde Asensi \u2013 aventuras hist\u00f3ricas con misterio.<\/li>\n\n\n\n<li>Margaret George \u2013 novelas hist\u00f3ricas sobre grandes figuras hist\u00f3ricas.<\/li>\n\n\n\n<li>Santiago Posteguillo \u2013 novelas hist\u00f3ricas ambientadas en la Roma antigua.<\/li>\n\n\n\n<li>Bernard Cornwell \u2013 aventuras hist\u00f3ricas y b\u00e9licas.<\/li>\n\n\n\n<li>Umberto Eco \u2013 novelas hist\u00f3ricas con elementos de misterio intelectual.<\/li>\n<\/ul>\n<\/div>\n<\/div>\n\n\n\n<div style=\"height:50px\" aria-hidden=\"true\" class=\"wp-block-spacer\"><\/div>\n\n\n\n<div class=\"wp-block-columns are-vertically-aligned-center is-layout-flex wp-container-core-columns-is-layout-28f84493 wp-block-columns-is-layout-flex\">\n<div class=\"wp-block-column is-vertically-aligned-center is-layout-flow wp-block-column-is-layout-flow\">\n<h2 class=\"wp-block-heading\">&#8211; Ciencia Ficci\u00f3n<\/h2>\n\n\n\n<ul class=\"wp-block-list\">\n<li>Ver\u00f3nica Murgu\u00eda \u2013 ciencia ficci\u00f3n y fantas\u00eda juvenil con imaginaci\u00f3n futurista.<\/li>\n\n\n\n<li>Adolfo Garc\u00eda Ortega \u2013 relatos de ciencia ficci\u00f3n y mundos alternativos.<\/li>\n\n\n\n<li>Ursula K. Le Guin \u2013 ciencia ficci\u00f3n y fantas\u00eda con exploraci\u00f3n social y cultural.<\/li>\n\n\n\n<li>Cixin Liu \u2013 ciencia ficci\u00f3n moderna, tecnolog\u00eda y civilizaciones.<\/li>\n\n\n\n<li>Alfred Bester \u2013 cl\u00e1sicos de ciencia ficci\u00f3n psicol\u00f3gica y narrativa experimental.<\/li>\n<\/ul>\n<\/div>\n\n\n\n<div class=\"wp-block-column is-vertically-aligned-center is-layout-flow wp-block-column-is-layout-flow\">\n<figure class=\"wp-block-image aligncenter size-full is-resized\"><img loading=\"lazy\" decoding=\"async\" width=\"292\" height=\"367\" src=\"https:\/\/paulaortin.fpcei.eu\/wp-content\/uploads\/2026\/02\/Captura-de-pantalla-9.png\" alt=\"\" class=\"wp-image-190\" style=\"aspect-ratio:0.7961993719301071;width:337px;height:auto\" srcset=\"https:\/\/paulaortin.fpcei.eu\/wp-content\/uploads\/2026\/02\/Captura-de-pantalla-9.png 292w, https:\/\/paulaortin.fpcei.eu\/wp-content\/uploads\/2026\/02\/Captura-de-pantalla-9-239x300.png 239w\" sizes=\"auto, (max-width: 292px) 100vw, 292px\" \/><\/figure>\n<\/div>\n<\/div>\n\n\n\n<div style=\"height:50px\" aria-hidden=\"true\" class=\"wp-block-spacer\"><\/div>\n\n\n\n<div class=\"wp-block-columns are-vertically-aligned-center is-layout-flex wp-container-core-columns-is-layout-28f84493 wp-block-columns-is-layout-flex\">\n<div class=\"wp-block-column is-vertically-aligned-center is-layout-flow wp-block-column-is-layout-flow\">\n<figure class=\"wp-block-image aligncenter size-full is-resized\"><img loading=\"lazy\" decoding=\"async\" width=\"293\" height=\"368\" src=\"https:\/\/paulaortin.fpcei.eu\/wp-content\/uploads\/2026\/02\/Captura-de-pantalla-10.png\" alt=\"\" class=\"wp-image-191\" style=\"width:337px;height:auto\" srcset=\"https:\/\/paulaortin.fpcei.eu\/wp-content\/uploads\/2026\/02\/Captura-de-pantalla-10.png 293w, https:\/\/paulaortin.fpcei.eu\/wp-content\/uploads\/2026\/02\/Captura-de-pantalla-10-239x300.png 239w\" sizes=\"auto, (max-width: 293px) 100vw, 293px\" \/><\/figure>\n<\/div>\n\n\n\n<div class=\"wp-block-column is-vertically-aligned-center is-layout-flow wp-block-column-is-layout-flow\">\n<h2 class=\"wp-block-heading\">&#8211; Distop\u00eda<\/h2>\n\n\n\n<ul class=\"wp-block-list\">\n<li>George Orwell \u2013 distop\u00eda pol\u00edtica y cr\u00edtica social.<\/li>\n\n\n\n<li>Margaret Atwood \u2013 distop\u00eda feminista y social.<\/li>\n\n\n\n<li>Care Santos \u2013 distop\u00eda juvenil y narrativa futurista con reflexi\u00f3n social.<\/li>\n\n\n\n<li>Paula Gallego \u2013 distop\u00eda juvenil y ciencia ficci\u00f3n con mundos futuros.<\/li>\n\n\n\n<li>Philip K. Dick \u2013 distop\u00eda tecnol\u00f3gica y realidad alternativa.<\/li>\n<\/ul>\n<\/div>\n<\/div>\n\n\n\n<div style=\"height:50px\" aria-hidden=\"true\" class=\"wp-block-spacer\"><\/div>\n\n\n\n<div class=\"wp-block-columns are-vertically-aligned-center is-layout-flex wp-container-core-columns-is-layout-28f84493 wp-block-columns-is-layout-flex\">\n<div class=\"wp-block-column is-vertically-aligned-center is-layout-flow wp-block-column-is-layout-flow\">\n<h2 class=\"wp-block-heading\">&#8211; Aventura<\/h2>\n\n\n\n<ul class=\"wp-block-list\">\n<li>Laura Gallego \u2013 aventuras fant\u00e1sticas y \u00e9picas para j\u00f3venes.<\/li>\n\n\n\n<li>C\u00e9sar Mallorqu\u00ed \u2013 aventuras juveniles con misterio y acci\u00f3n.<\/li>\n\n\n\n<li>Rick Riordan \u2013 aventuras mitol\u00f3gicas modernas.<\/li>\n\n\n\n<li>J. K. Rowling \u2013 aventura y fantas\u00eda.<\/li>\n\n\n\n<li>Clive Cussler \u2013 aventuras modernas de exploraci\u00f3n y acci\u00f3n.<\/li>\n<\/ul>\n<\/div>\n\n\n\n<div class=\"wp-block-column is-vertically-aligned-center is-layout-flow wp-block-column-is-layout-flow\">\n<figure class=\"wp-block-image aligncenter size-full is-resized\"><img loading=\"lazy\" decoding=\"async\" width=\"292\" height=\"366\" src=\"https:\/\/paulaortin.fpcei.eu\/wp-content\/uploads\/2026\/02\/Captura-de-pantalla-11.png\" alt=\"\" class=\"wp-image-193\" style=\"width:339px;height:auto\" srcset=\"https:\/\/paulaortin.fpcei.eu\/wp-content\/uploads\/2026\/02\/Captura-de-pantalla-11.png 292w, https:\/\/paulaortin.fpcei.eu\/wp-content\/uploads\/2026\/02\/Captura-de-pantalla-11-239x300.png 239w\" sizes=\"auto, (max-width: 292px) 100vw, 292px\" \/><\/figure>\n<\/div>\n<\/div>\n\n\n\n<div style=\"height:50px\" aria-hidden=\"true\" class=\"wp-block-spacer\"><\/div>\n\n\n\n<div class=\"wp-block-columns are-vertically-aligned-center is-layout-flex wp-container-core-columns-is-layout-28f84493 wp-block-columns-is-layout-flex\">\n<div class=\"wp-block-column is-vertically-aligned-center is-layout-flow wp-block-column-is-layout-flow\">\n<figure class=\"wp-block-image aligncenter size-full is-resized\"><img loading=\"lazy\" decoding=\"async\" width=\"292\" height=\"367\" src=\"https:\/\/paulaortin.fpcei.eu\/wp-content\/uploads\/2026\/02\/Captura-de-pantalla-12.png\" alt=\"\" class=\"wp-image-195\" style=\"width:338px;height:auto\" srcset=\"https:\/\/paulaortin.fpcei.eu\/wp-content\/uploads\/2026\/02\/Captura-de-pantalla-12.png 292w, https:\/\/paulaortin.fpcei.eu\/wp-content\/uploads\/2026\/02\/Captura-de-pantalla-12-239x300.png 239w\" sizes=\"auto, (max-width: 292px) 100vw, 292px\" \/><\/figure>\n<\/div>\n\n\n\n<div class=\"wp-block-column is-vertically-aligned-center is-layout-flow wp-block-column-is-layout-flow\">\n<h2 class=\"wp-block-heading\">&#8211; Fantas\u00eda<\/h2>\n\n\n\n<ul class=\"wp-block-list\">\n<li>C. S. Lewis \u2013 fantas\u00eda cl\u00e1sica para j\u00f3venes<\/li>\n\n\n\n<li>Philip Pullman \u2013 fantas\u00eda filos\u00f3fica y aventuras juveniles.<\/li>\n\n\n\n<li>Neil Gaiman \u2013 fantas\u00eda contempor\u00e1nea con elementos oscuros y mitol\u00f3gicos.<\/li>\n\n\n\n<li>Laini Taylor \u2013 fantas\u00eda juvenil y adulta con mundos on\u00edricos y creativos.<\/li>\n\n\n\n<li>Cornelia Funke \u2013 fantas\u00eda juvenil con aventuras y mundos imaginativo.<\/li>\n<\/ul>\n<\/div>\n<\/div>\n\n\n\n<div style=\"height:50px\" aria-hidden=\"true\" class=\"wp-block-spacer\"><\/div>\n\n\n\n<div class=\"wp-block-columns are-vertically-aligned-center is-layout-flex wp-container-core-columns-is-layout-28f84493 wp-block-columns-is-layout-flex\">\n<div class=\"wp-block-column is-vertically-aligned-center is-layout-flow wp-block-column-is-layout-flow\">\n<h2 class=\"wp-block-heading\">&#8211; Contempor\u00e1neo<\/h2>\n\n\n\n<ul class=\"wp-block-list\">\n<li>Juan Jos\u00e9 Mill\u00e1s \u2013 novela contempor\u00e1nea con introspecci\u00f3n psicol\u00f3gica y cr\u00edtica social.<\/li>\n\n\n\n<li>Elena Ferrante \u2013 novelas contempor\u00e1neas con drama familiar, amistad y sociedad.<\/li>\n\n\n\n<li>El\u00edsabet Benavent \u2013 novela contempor\u00e1nea con enfoque en relaciones, humor y drama cotidiano.<\/li>\n\n\n\n<li>Haruki Murakami \u2013 novelas contempor\u00e1neas con elementos surrealistas y reflexiones sobre la soledad.<\/li>\n\n\n\n<li>Paula Hawkins\u2013 novela contempor\u00e1nea con suspense psicol\u00f3gico.<\/li>\n<\/ul>\n<\/div>\n\n\n\n<div class=\"wp-block-column is-vertically-aligned-center is-layout-flow wp-block-column-is-layout-flow\">\n<figure class=\"wp-block-image aligncenter size-full is-resized\"><img loading=\"lazy\" decoding=\"async\" width=\"292\" height=\"367\" src=\"https:\/\/paulaortin.fpcei.eu\/wp-content\/uploads\/2026\/02\/Captura-de-pantalla-13.png\" alt=\"\" class=\"wp-image-194\" style=\"width:337px;height:auto\" srcset=\"https:\/\/paulaortin.fpcei.eu\/wp-content\/uploads\/2026\/02\/Captura-de-pantalla-13.png 292w, https:\/\/paulaortin.fpcei.eu\/wp-content\/uploads\/2026\/02\/Captura-de-pantalla-13-239x300.png 239w\" sizes=\"auto, (max-width: 292px) 100vw, 292px\" \/><\/figure>\n<\/div>\n<\/div>\n\n\n\n<div style=\"height:50px\" aria-hidden=\"true\" class=\"wp-block-spacer\"><\/div>\n\n\n\n<div class=\"wp-block-columns are-vertically-aligned-center is-layout-flex wp-container-core-columns-is-layout-28f84493 wp-block-columns-is-layout-flex\">\n<div class=\"wp-block-column is-vertically-aligned-center is-layout-flow wp-block-column-is-layout-flow\">\n<figure class=\"wp-block-image aligncenter size-full is-resized\"><img loading=\"lazy\" decoding=\"async\" width=\"294\" height=\"368\" src=\"https:\/\/paulaortin.fpcei.eu\/wp-content\/uploads\/2026\/02\/Captura-de-pantalla-14.png\" alt=\"\" class=\"wp-image-196\" style=\"width:337px;height:auto\" srcset=\"https:\/\/paulaortin.fpcei.eu\/wp-content\/uploads\/2026\/02\/Captura-de-pantalla-14.png 294w, https:\/\/paulaortin.fpcei.eu\/wp-content\/uploads\/2026\/02\/Captura-de-pantalla-14-240x300.png 240w\" sizes=\"auto, (max-width: 294px) 100vw, 294px\" \/><\/figure>\n<\/div>\n\n\n\n<div class=\"wp-block-column is-vertically-aligned-center is-layout-flow wp-block-column-is-layout-flow\">\n<h2 class=\"wp-block-heading\">&#8211; Romance<\/h2>\n\n\n\n<ul class=\"wp-block-list\">\n<li>Inma Rubiales \u2013 romance con emoci\u00f3n y humor, centrado en historias cotidianas que conectan con el lector.<\/li>\n\n\n\n<li>Julia Quinn \u2013 romance hist\u00f3rico<\/li>\n\n\n\n<li>Sarah J. Maas \u2013 romance en el contexto de fantas\u00eda y aventuras.<\/li>\n\n\n\n<li>Joana Marcus \u2013 romance contempor\u00e1neo y juvenil, con historias emotivas y cercanas.<\/li>\n\n\n\n<li>Nicholas Sparks \u2013 novelas rom\u00e1nticas con drama y emociones profundas.<\/li>\n<\/ul>\n<\/div>\n<\/div>\n","protected":false},"excerpt":{"rendered":"<p>&#8211; Novela Negra &#8211; Novela Hist\u00f3rica &#8211; Ciencia Ficci\u00f3n &#8211; Distop\u00eda &#8211; Aventura &#8211; Fantas\u00eda &#8211; Contempor\u00e1neo &#8211; Romance<\/p>\n","protected":false},"author":2,"featured_media":0,"parent":0,"menu_order":0,"comment_status":"closed","ping_status":"closed","template":"","meta":{"footnotes":""},"class_list":["post-38","page","type-page","status-publish","hentry"],"_links":{"self":[{"href":"https:\/\/paulaortin.fpcei.eu\/index.php?rest_route=\/wp\/v2\/pages\/38","targetHints":{"allow":["GET"]}}],"collection":[{"href":"https:\/\/paulaortin.fpcei.eu\/index.php?rest_route=\/wp\/v2\/pages"}],"about":[{"href":"https:\/\/paulaortin.fpcei.eu\/index.php?rest_route=\/wp\/v2\/types\/page"}],"author":[{"embeddable":true,"href":"https:\/\/paulaortin.fpcei.eu\/index.php?rest_route=\/wp\/v2\/users\/2"}],"replies":[{"embeddable":true,"href":"https:\/\/paulaortin.fpcei.eu\/index.php?rest_route=%2Fwp%2Fv2%2Fcomments&post=38"}],"version-history":[{"count":12,"href":"https:\/\/paulaortin.fpcei.eu\/index.php?rest_route=\/wp\/v2\/pages\/38\/revisions"}],"predecessor-version":[{"id":240,"href":"https:\/\/paulaortin.fpcei.eu\/index.php?rest_route=\/wp\/v2\/pages\/38\/revisions\/240"}],"wp:attachment":[{"href":"https:\/\/paulaortin.fpcei.eu\/index.php?rest_route=%2Fwp%2Fv2%2Fmedia&parent=38"}],"curies":[{"name":"wp","href":"https:\/\/api.w.org\/{rel}","templated":true}]}}