{"id":31,"date":"2026-01-28T10:54:08","date_gmt":"2026-01-28T10:54:08","guid":{"rendered":"https:\/\/paulaortin.fpcei.eu\/?page_id=31"},"modified":"2026-02-28T19:41:52","modified_gmt":"2026-02-28T19:41:52","slug":"generos","status":"publish","type":"page","link":"https:\/\/paulaortin.fpcei.eu\/?page_id=31","title":{"rendered":"G\u00e9neros"},"content":{"rendered":"\n<figure class=\"wp-block-image size-large\"><img loading=\"lazy\" decoding=\"async\" width=\"1024\" height=\"82\" src=\"https:\/\/paulaortin.fpcei.eu\/wp-content\/uploads\/2026\/01\/descarga-12.jfif_-2-1024x82.png\" alt=\"\" class=\"wp-image-19\" srcset=\"https:\/\/paulaortin.fpcei.eu\/wp-content\/uploads\/2026\/01\/descarga-12.jfif_-2-1024x82.png 1024w, https:\/\/paulaortin.fpcei.eu\/wp-content\/uploads\/2026\/01\/descarga-12.jfif_-2-300x24.png 300w, https:\/\/paulaortin.fpcei.eu\/wp-content\/uploads\/2026\/01\/descarga-12.jfif_-2-768x62.png 768w, https:\/\/paulaortin.fpcei.eu\/wp-content\/uploads\/2026\/01\/descarga-12.jfif_-2.png 1080w\" sizes=\"auto, (max-width: 1024px) 100vw, 1024px\" \/><\/figure>\n\n\n\n<div class=\"wp-block-columns is-layout-flex wp-container-core-columns-is-layout-28f84493 wp-block-columns-is-layout-flex\">\n<div class=\"wp-block-column is-layout-flow wp-block-column-is-layout-flow\">\n<h2 class=\"wp-block-heading\">Novela Negra:<\/h2>\n\n\n\n<div class=\"wp-block-columns is-layout-flex wp-container-core-columns-is-layout-28f84493 wp-block-columns-is-layout-flex\">\n<div class=\"wp-block-column is-layout-flow wp-block-column-is-layout-flow\">\n<p>Si te gusta estar en tensi\u00f3n y no poder soltar el libro, este g\u00e9nero es para ti. Aqu\u00ed encontrar\u00e1s cr\u00edmenes, misterios, secretos y giros inesperados que te mantienen pegado a la historia hasta el final. Perfecto para quienes disfrutan de tramas oscuras y llenas de suspense.<\/p>\n<\/div>\n<\/div>\n<\/div>\n\n\n\n<div class=\"wp-block-column is-layout-flow wp-block-column-is-layout-flow\">\n<h2 class=\"wp-block-heading\">Novela Hist\u00f3rica:<\/h2>\n\n\n\n<p>Si te gusta estar en tensi\u00f3n y no poder soltar el libro, este g\u00e9nero es para ti. Aqu\u00ed encontrar\u00e1s cr\u00edmenes, misterios, secretos y giros inesperados que te mantienen pegado a la historia hasta el final.<br>Perfecto para quienes disfrutan de tramas oscuras y llenas de suspense.<\/p>\n<\/div>\n<\/div>\n\n\n\n<figure class=\"wp-block-image size-full is-resized\"><img loading=\"lazy\" decoding=\"async\" width=\"735\" height=\"140\" src=\"https:\/\/paulaortin.fpcei.eu\/wp-content\/uploads\/2026\/02\/descarga-27-2.jpg\" alt=\"\" class=\"wp-image-105\" style=\"aspect-ratio:5.250106591626162;width:970px;height:auto\" srcset=\"https:\/\/paulaortin.fpcei.eu\/wp-content\/uploads\/2026\/02\/descarga-27-2.jpg 735w, https:\/\/paulaortin.fpcei.eu\/wp-content\/uploads\/2026\/02\/descarga-27-2-300x57.jpg 300w\" sizes=\"auto, (max-width: 735px) 100vw, 735px\" \/><\/figure>\n\n\n\n<div class=\"wp-block-columns is-layout-flex wp-container-core-columns-is-layout-28f84493 wp-block-columns-is-layout-flex\">\n<div class=\"wp-block-column is-layout-flow wp-block-column-is-layout-flow\">\n<h2 class=\"wp-block-heading\">Ciencia Ficci\u00f3n:<\/h2>\n\n\n\n<p>Aqu\u00ed todo es posible: futuros lejanos, viajes espaciales, robots, inteligencia artificial y mundos alternativos. La ciencia ficci\u00f3n combina acci\u00f3n e ideas incre\u00edbles que te hacen pensar sobre el futuro y la tecnolog\u00eda.<br>El g\u00e9nero\u00a0adecuado si te gusta imaginar c\u00f3mo podr\u00eda ser el futuro.<\/p>\n<\/div>\n\n\n\n<div class=\"wp-block-column is-layout-flow wp-block-column-is-layout-flow\">\n<h2 class=\"wp-block-heading\">Distop\u00eda:<\/h2>\n\n\n\n<p>Las distop\u00edas muestran futuros nada ideales: sociedades controladas, reglas injustas y protagonistas que se rebelan. Son historias intensas que mezclan acci\u00f3n, cr\u00edtica social y mucha tensi\u00f3n.<br>Por si te gustan los libros que hacen reflexionar y enganchar a la vez.<\/p>\n<\/div>\n<\/div>\n\n\n\n<figure class=\"wp-block-image size-full is-resized\"><img loading=\"lazy\" decoding=\"async\" width=\"735\" height=\"140\" src=\"https:\/\/paulaortin.fpcei.eu\/wp-content\/uploads\/2026\/02\/descarga-30-1.jpg\" alt=\"\" class=\"wp-image-106\" style=\"aspect-ratio:5.2500848320325755;width:969px;height:auto\" srcset=\"https:\/\/paulaortin.fpcei.eu\/wp-content\/uploads\/2026\/02\/descarga-30-1.jpg 735w, https:\/\/paulaortin.fpcei.eu\/wp-content\/uploads\/2026\/02\/descarga-30-1-300x57.jpg 300w\" sizes=\"auto, (max-width: 735px) 100vw, 735px\" \/><\/figure>\n\n\n\n<div class=\"wp-block-columns is-layout-flex wp-container-core-columns-is-layout-28f84493 wp-block-columns-is-layout-flex\">\n<div class=\"wp-block-column is-layout-flow wp-block-column-is-layout-flow\">\n<h2 class=\"wp-block-heading\">Aventura:<\/h2>\n\n\n\n<p>Si lo tuyo es la acci\u00f3n, este g\u00e9nero est\u00e1 lleno de viajes, peligros, retos y momentos \u00e9picos. Los personajes se enfrentan a situaciones l\u00edmite en lugares incre\u00edbles.<br>Ideal para lectores que buscan emoci\u00f3n desde la primera p\u00e1gina.<\/p>\n<\/div>\n\n\n\n<div class=\"wp-block-column is-layout-flow wp-block-column-is-layout-flow\">\n<h2 class=\"wp-block-heading\">Fantas\u00eda:<\/h2>\n\n\n\n<p>Mundos m\u00e1gicos, criaturas imposibles y batallas legendarias. La fantas\u00eda te permite escapar de la realidad y perderte en universos llenos de magia y \u00e9pica.<br>El g\u00e9nero\u00a0 perfecto si te gusta so\u00f1ar despierto y vivir grandes aventuras.<\/p>\n<\/div>\n<\/div>\n\n\n\n<figure class=\"wp-block-image size-large\"><img loading=\"lazy\" decoding=\"async\" width=\"1024\" height=\"195\" src=\"https:\/\/paulaortin.fpcei.eu\/wp-content\/uploads\/2026\/02\/descarga-31-1-1024x195.jpg\" alt=\"\" class=\"wp-image-108\" srcset=\"https:\/\/paulaortin.fpcei.eu\/wp-content\/uploads\/2026\/02\/descarga-31-1-1024x195.jpg 1024w, https:\/\/paulaortin.fpcei.eu\/wp-content\/uploads\/2026\/02\/descarga-31-1-300x57.jpg 300w, https:\/\/paulaortin.fpcei.eu\/wp-content\/uploads\/2026\/02\/descarga-31-1-768x146.jpg 768w, https:\/\/paulaortin.fpcei.eu\/wp-content\/uploads\/2026\/02\/descarga-31-1.jpg 1102w\" sizes=\"auto, (max-width: 1024px) 100vw, 1024px\" \/><\/figure>\n\n\n\n<div class=\"wp-block-columns is-layout-flex wp-container-core-columns-is-layout-28f84493 wp-block-columns-is-layout-flex\">\n<div class=\"wp-block-column is-layout-flow wp-block-column-is-layout-flow\">\n<h2 class=\"wp-block-heading\">Contempor\u00e1neo:<\/h2>\n\n\n\n<p>Historias que hablan de la vida real: amistades, familia, amor, problemas personales y crecimiento.<br>La novela contempor\u00e1nea trata temas cercanos con los que es f\u00e1cil sentirse identificado.<br>Por si buscas lecturas realistas y actuales.<\/p>\n<\/div>\n\n\n\n<div class=\"wp-block-column is-layout-flow wp-block-column-is-layout-flow\">\n<h2 class=\"wp-block-heading\">Romance:<\/h2>\n\n\n\n<p>El g\u00e9nero rom\u00e1ntico va mucho m\u00e1s all\u00e1 del amor bonito: hay emociones intensas, conflictos, rupturas y reencuentros. Son historias que conectan con los sentimientos y te hacen vivir cada momento con los personajes.<\/p>\n<\/div>\n<\/div>\n\n\n\n<figure class=\"wp-block-image size-full\"><img loading=\"lazy\" decoding=\"async\" width=\"1470\" height=\"280\" src=\"https:\/\/paulaortin.fpcei.eu\/wp-content\/uploads\/2026\/02\/ChatGPT-Image-18-feb-2026-10_53_39-1.png\" alt=\"\" class=\"wp-image-141\" srcset=\"https:\/\/paulaortin.fpcei.eu\/wp-content\/uploads\/2026\/02\/ChatGPT-Image-18-feb-2026-10_53_39-1.png 1470w, https:\/\/paulaortin.fpcei.eu\/wp-content\/uploads\/2026\/02\/ChatGPT-Image-18-feb-2026-10_53_39-1-300x57.png 300w, https:\/\/paulaortin.fpcei.eu\/wp-content\/uploads\/2026\/02\/ChatGPT-Image-18-feb-2026-10_53_39-1-1024x195.png 1024w, https:\/\/paulaortin.fpcei.eu\/wp-content\/uploads\/2026\/02\/ChatGPT-Image-18-feb-2026-10_53_39-1-768x146.png 768w\" sizes=\"auto, (max-width: 1470px) 100vw, 1470px\" \/><\/figure>\n","protected":false},"excerpt":{"rendered":"<p>Novela Negra: Si te gusta estar en tensi\u00f3n y no poder soltar el libro, este g\u00e9nero es para ti. Aqu\u00ed encontrar\u00e1s cr\u00edmenes, misterios, secretos y giros inesperados que te mantienen pegado a la historia hasta el final. Perfecto para quienes disfrutan de tramas oscuras y llenas de suspense. Novela Hist\u00f3rica: Si te gusta estar en [&hellip;]<\/p>\n","protected":false},"author":2,"featured_media":0,"parent":0,"menu_order":0,"comment_status":"closed","ping_status":"closed","template":"","meta":{"footnotes":""},"class_list":["post-31","page","type-page","status-publish","hentry"],"_links":{"self":[{"href":"https:\/\/paulaortin.fpcei.eu\/index.php?rest_route=\/wp\/v2\/pages\/31","targetHints":{"allow":["GET"]}}],"collection":[{"href":"https:\/\/paulaortin.fpcei.eu\/index.php?rest_route=\/wp\/v2\/pages"}],"about":[{"href":"https:\/\/paulaortin.fpcei.eu\/index.php?rest_route=\/wp\/v2\/types\/page"}],"author":[{"embeddable":true,"href":"https:\/\/paulaortin.fpcei.eu\/index.php?rest_route=\/wp\/v2\/users\/2"}],"replies":[{"embeddable":true,"href":"https:\/\/paulaortin.fpcei.eu\/index.php?rest_route=%2Fwp%2Fv2%2Fcomments&post=31"}],"version-history":[{"count":9,"href":"https:\/\/paulaortin.fpcei.eu\/index.php?rest_route=\/wp\/v2\/pages\/31\/revisions"}],"predecessor-version":[{"id":368,"href":"https:\/\/paulaortin.fpcei.eu\/index.php?rest_route=\/wp\/v2\/pages\/31\/revisions\/368"}],"wp:attachment":[{"href":"https:\/\/paulaortin.fpcei.eu\/index.php?rest_route=%2Fwp%2Fv2%2Fmedia&parent=31"}],"curies":[{"name":"wp","href":"https:\/\/api.w.org\/{rel}","templated":true}]}}